{"id":1479,"date":"2022-10-18T12:55:21","date_gmt":"2022-10-18T12:55:21","guid":{"rendered":"https:\/\/www.eulen.com\/es\/?page_id=1479"},"modified":"2024-06-05T08:21:33","modified_gmt":"2024-06-05T08:21:33","slug":"uso-de-cookies","status":"publish","type":"page","link":"https:\/\/www.eulen.com\/mx\/uso-de-cookies\/","title":{"rendered":"Uso de cookies"},"content":{"rendered":"\n<h2 class=\"wp-block-heading\"><strong>1. \u00bfQu\u00e9 son las cookies?<\/strong><\/h2>\n\n\n\n<p>Nuestro sitio web&nbsp;<a href=\"https:\/\/www.eulen.com\/mx\/\">www.eulen.com\/mx<\/a> (en adelante, \u201cSitio Web\u201d), perteneciente al Grupo Eulen, utiliza una tecnolog\u00eda denominada \u201ccookies\u201d con la finalidad de poder recabar informaci\u00f3n acerca del uso del Sitio Web.&nbsp;<\/p>\n\n\n\n<p>Las&nbsp;<strong><em>Cookies<\/em><\/strong>&nbsp;son archivos que contienen peque\u00f1as cantidades de informaci\u00f3n que se descargan en tu navegador cuando visitas una p\u00e1gina web. En general, estas tecnolog\u00edas pueden servir para finalidades muy diversas, como, por ejemplo, reconocerte como usuario, obtener informaci\u00f3n sobre tus h\u00e1bitos de navegaci\u00f3n, o personalizar la forma en que se muestra el contenido.&nbsp;<\/p>\n\n\n\n<p>A continuaci\u00f3n, le proporcionamos m\u00e1s informaci\u00f3n sobre c\u00f3mo utilizamos las cookies y sobre c\u00f3mo puede controlar y administrar las cookies.<\/p>\n\n\n\n<h2 class=\"wp-block-heading\"><strong>2. \u00bfPor qu\u00e9 este sitio web utiliza Cookies?<\/strong><\/h2>\n\n\n\n<p>Se utilizan cookies con el objetivo de mejorar la experiencia del usuario, por lo tanto, son una parte importante de c\u00f3mo funciona nuestro sitio web. Entre otras finalidades, las utilizamos con una finalidad anal\u00edtica, esto es, para generar datos estad\u00edsticos acerca de c\u00f3mo utiliza el visitante el sitio web, as\u00ed como para fines publicitarios.&nbsp;<\/p>\n\n\n\n<p>En el punto tercero de la presente pol\u00edtica se identifican las cookies y otros dispositivos utilizados en el Sitio Web y, en el punto sexto, se establecen los mecanismos para configurar las cookies u otros dispositivos.<\/p>\n\n\n\n<h2 class=\"wp-block-heading\"><strong>3. \u00bfQu\u00e9 tipos de cookies existen?<\/strong><\/h2>\n\n\n\n<p>Las Cookies, en funci\u00f3n de su&nbsp;<strong>Permanencia<\/strong>, pueden dividirse en:<\/p>\n\n\n\n<figure class=\"wp-block-table\"><table><tbody><tr><td><strong>Cookies de sesi\u00f3n<\/strong><\/td><td>Son aquellas dise\u00f1adas para recabar y almacenar datos mientras el usuario accede a una p\u00e1gina web. Expiran cuando el usuario cierra el navegador.<\/td><\/tr><tr><\/tr><tr><td><strong>Cookies persistentes<\/strong><\/td><td>Son aquellas en las que los datos siguen almacenados en el terminal. Expiran en funci\u00f3n de cuando se cumpla el objetivo para el que sirven (por ejemplo, para que el usuario se mantenga identificado en los Servicios) o bien cuando se borran manualmente.<\/td><\/tr><\/tbody><\/table><\/figure>\n\n\n\n<p>En funci\u00f3n de su&nbsp;<strong>Propietario<\/strong>, esto es, seg\u00fan qui\u00e9n sea la entidad que gestione el equipo o dominio desde donde se env\u00edan las cookies, pueden dividirse en:<\/p>\n\n\n\n<figure class=\"wp-block-table\"><table><tbody><tr><td><strong>Cookies propias<\/strong><\/td><td>Son aquellas que se env\u00edan al equipo terminal del usuario desde un equipo o dominio gestionado por el propio editor y desde el que se presta el servicio solicitado por el usuario.<\/td><\/tr><tr><\/tr><tr><td><strong>Cookies de terceros<\/strong><\/td><td>Son aqu\u00e9llas que se env\u00edan al equipo terminal del usuario desde un equipo o dominio que no es gestionado por el editor, sino por otra entidad que trata los datos obtenidos trav\u00e9s de las cookies.<\/td><\/tr><\/tbody><\/table><\/figure>\n\n\n\n<p>De la misma forma, las cookies, en funci\u00f3n de la&nbsp;<strong>Finalidad<\/strong>&nbsp;para la que se traten los datos obtenidos, pueden ser:<\/p>\n\n\n\n<figure class=\"wp-block-table\"><table><tbody><tr><td><strong>Cookies t\u00e9cnicas<\/strong><\/td><td>Son aquellas que&nbsp;permiten al usuario la navegaci\u00f3n a trav\u00e9s de una p\u00e1gina web, plataforma o aplicaci\u00f3n y la utilizaci\u00f3n de las diferentes opciones o servicios que en ella existan, incluyendo aquellas que el editor utiliza para permitir la gesti\u00f3n y operativa de la p\u00e1gina web y habilitar sus funciones y servicios (por ejemplo, controlar el tr\u00e1fico y la comunicaci\u00f3n de datos, identificar la sesi\u00f3n, acceder a partes de acceso restringido, recordar los elementos que integran un pedido).<br>Este tipo de cookies, por regla general siempre que se utilicen para esas finalidades,&nbsp;estar\u00e1n exceptuadas del cumplimiento de las obligaciones&nbsp;establecidas en el art\u00edculo 22.2 de la LSSI, ya que son necesarias para el correcto funcionamiento del Sitio Web.<\/td><\/tr><tr><\/tr><tr><td><strong>Cookies de preferencias o personalizaci\u00f3n<\/strong><\/td><td>Son aquellas que permiten recordar informaci\u00f3n para que el usuario acceda al servicio con determinadas caracter\u00edsticas que pueden diferenciar su experiencia de la de otros usuarios, como, por ejemplo, el idioma, el n\u00famero de resultados a mostrar cuando el usuario realiza una b\u00fasqueda, el aspecto o contenido del servicio en funci\u00f3n del tipo de navegador a trav\u00e9s del cual el usuario accede al servicio o de la regi\u00f3n desde la que accede al servicio, etc.Si es el propio usuario quien elige esas caracter\u00edsticas (por ejemplo, si selecciona el idioma de un sitio web clicando en el icono de la bandera del pa\u00eds correspondiente), las cookies&nbsp;estar\u00e1n exceptuadas de las obligaciones del art\u00edculo 22.2 de la LSSI, ya que son necesarias para el correcto funcionamiento del Sitio Web.<\/td><\/tr><tr><td><strong>Cookies de rendimiento an\u00e1lisis o medici\u00f3n:<\/strong><\/td><td>Son aquellas que permiten al responsable de las mismas el seguimiento y an\u00e1lisis del comportamiento de los usuarios de los sitios web a los que est\u00e1n vinculadas, incluida la cuantificaci\u00f3n de los impactos de los anuncios.<\/td><\/tr><tr><td><strong>Cookies de publicidad comportamental:<\/strong><\/td><td>Son aquellas que almacenan informaci\u00f3n del comportamiento de los usuarios obtenida a trav\u00e9s de la observaci\u00f3n continuada de sus h\u00e1bitos de navegaci\u00f3n, lo que permite desarrollar un perfil espec\u00edfico para mostrar publicidad en funci\u00f3n del mismo.<\/td><\/tr><\/tbody><\/table><\/figure>\n\n\n\n<h2 class=\"wp-block-heading\"><strong>4. \u00bfQu\u00e9 tipos de cookies se utilizan en esta p\u00e1gina web?<\/strong><\/h2>\n\n\n\n<script id=\"CookieDeclaration\" src=\"https:\/\/consent.cookiebot.com\/e83e3d86-0eb2-4ceb-ade0-5129f4a15372\/cd.js\" type=\"text\/javascript\" async><\/script>\n\n\n\n<h2 class=\"wp-block-heading\"><strong>5. Control y borrado de cookies<\/strong><\/h2>\n\n\n\n<p>La gran mayor\u00eda de navegadores permiten cambiar la configuraci\u00f3n de Cookies o dispositivos similares. Estos ajustes normalmente se encuentran en las \u00abopciones\u00bb o \u00abpreferencias\u00bb del men\u00fa de su navegador.<\/p>\n\n\n\n<p>Le ofrecemos una peque\u00f1a orientaci\u00f3n sobre los pasos para acceder al men\u00fa de configuraci\u00f3n de las cookies y, en su caso, de la navegaci\u00f3n privada en cada uno de los navegadores principales:<\/p>\n\n\n\n<figure class=\"wp-block-table\"><table><tbody><tr><td><strong>Microsoft Edge<\/strong><\/td><td>Configuraci\u00f3n y m\u00e1s &gt; Configuraci\u00f3n &gt; Borrar datos de exploraci\u00f3n.<br><a href=\"https:\/\/support.microsoft.com\/es-es\/windows\/eliminar-y-administrar-cookies-168dab11-0753-043d-7c16-ede5947fc64d\">https:\/\/support.microsoft.com\/es-es\/help\/17442\/windows-internet-explorer-dele<\/a><\/td><\/tr><tr><td><strong>Firefox<\/strong><\/td><td>Herramientas &gt; Opciones &gt; Privacidad &gt; Historial &gt; Configuraci\u00f3n personalizada.<br><a href=\"https:\/\/support.mozilla.org\/es\/kb\/habilitar-y-deshabilitar-cookies-sitios-web-rastrear-preferencias?redirectlocale=es&amp;redirectslug=habilitar-y-deshabilitar-cookies-que-los-sitios-we\">https:\/\/support.mozilla.org\/es\/kb\/habilitar-y-deshabilitar-cookies-sitios-web-rastrear-preferencias?redirectlocale=es&amp;redirectslug=habilitar-y-deshabilitar-cookies-que-los-sitios-we<\/a><\/td><\/tr><tr><td><strong>Chrome<\/strong><\/td><td>Configuraci\u00f3n &gt; Configuraci\u00f3n avanzada &gt; Privacidad y seguridad &gt; Borrar datos de navegaci\u00f3n.<br><a href=\"https:\/\/support.google.com\/accounts\/answer\/61416?hl=es\">https:\/\/support.google.com\/accounts\/answer\/61416?hl=es<\/a><\/td><\/tr><tr><td><strong>Safari<\/strong><\/td><td>Preferencias &gt; Seguridad.<br><a href=\"https:\/\/support.apple.com\/es-es\/guide\/safari\/sfri11471\/mac\">https:\/\/support.apple.com\/es-es\/guide\/safari\/sfri11471\/mac<\/a><\/td><\/tr><tr><\/tr><tr><td><strong>Opera<\/strong><\/td><td><a href=\"https:\/\/help.opera.com\/en\/latest\/web-preferences\/#cookies\">https:\/\/help.opera.com\/Windows\/11.50\/es-ES\/cookies.html<\/a><\/td><\/tr><tr><\/tr><tr><td><strong>Android<\/strong><\/td><td><a href=\"https:\/\/support.google.com\/android\/?hl=es#topic=7313011\">https:\/\/support.google.com\/android\/?hl=es#topic=7313011<\/a><\/td><\/tr><tr><\/tr><tr><td><strong>IOS<\/strong><\/td><td><a href=\"https:\/\/support.apple.com\/es-es\/HT201265\">https:\/\/support.apple.com\/es-es\/HT201265<\/a><\/td><\/tr><tr><\/tr><\/tbody><\/table><\/figure>\n\n\n\n<p>En Grupo EULEN estamos concienciados con tu privacidad y el cumplimiento normativo, por lo que, su tienes cualquier duda o comentario, no dudes en contactar con nosotros a trav\u00e9s de delegadoprotecciondatos@eulen.com.<\/p>\n\n\n\n<p>Grupo EULEN puede modificar esta Pol\u00edtica de Cookies en funci\u00f3n de las exigencias legislativas, reglamentarias, o con la finalidad de adaptar dicha pol\u00edtica de las instrucciones dictadas por la Agencia Espa\u00f1ola de Protecci\u00f3n de Datos, por ello se aconseja a los usuarios que la visiten peri\u00f3dicamente.<\/p>\n\n\n\n<p>Cuando se produzcan cambios significativos en esta Pol\u00edtica de Cookies, se comunicar\u00e1n a los usuarios bien mediante la web o a trav\u00e9s de correo electr\u00f3nico a los usuarios registrados.<\/p>\n\n\n\n<p><strong>\u00daltima actualizaci\u00f3n: enero de 2021.<\/strong><\/p>\n","protected":false},"excerpt":{"rendered":"<p>1. \u00bfQu\u00e9 son las cookies? Nuestro sitio web&nbsp;www.eulen.com\/mx (en adelante, \u201cSitio Web\u201d), perteneciente al Grupo &#8230;<\/p>\n","protected":false},"author":2,"featured_media":340,"parent":0,"menu_order":0,"comment_status":"closed","ping_status":"closed","template":"page-templates\/basica.php","meta":{"_acf_changed":false,"footnotes":""},"class_list":["post-1479","page","type-page","status-publish","has-post-thumbnail","hentry"],"acf":[],"yoast_head":"<!-- This site is optimized with the Yoast SEO plugin v23.7 - https:\/\/yoast.com\/wordpress\/plugins\/seo\/ -->\n<title>Uso de cookies - Grupo EULEN M\u00e9xico<\/title>\n<meta name=\"description\" content=\"Esta es la p\u00e1gina de la pol\u00edtica de cookies de la web de Grupo EULEN. Entra para saber m\u00e1s detalles del tratamiento que hacemos de ellas\" \/>\n<meta name=\"robots\" content=\"noindex, follow\" \/>\n<meta property=\"og:locale\" content=\"es_MX\" \/>\n<meta property=\"og:type\" content=\"article\" \/>\n<meta property=\"og:title\" content=\"Uso de cookies - Grupo EULEN M\u00e9xico\" \/>\n<meta property=\"og:description\" content=\"Esta es la p\u00e1gina de la pol\u00edtica de cookies de la web de Grupo EULEN. Entra para saber m\u00e1s detalles del tratamiento que hacemos de ellas\" \/>\n<meta property=\"og:url\" content=\"https:\/\/www.eulen.com\/mx\/uso-de-cookies\/\" \/>\n<meta property=\"og:site_name\" content=\"Grupo EULEN M\u00e9xico\" \/>\n<meta property=\"article:modified_time\" content=\"2024-06-05T08:21:33+00:00\" \/>\n<meta property=\"og:image\" content=\"https:\/\/www.eulen.com\/mx\/wp-content\/uploads\/sites\/8\/2022\/06\/cabecera_legal.webp\" \/>\n\t<meta property=\"og:image:width\" content=\"1366\" \/>\n\t<meta property=\"og:image:height\" content=\"473\" \/>\n\t<meta property=\"og:image:type\" content=\"image\/webp\" \/>\n<meta name=\"twitter:card\" content=\"summary_large_image\" \/>\n<!-- \/ Yoast SEO plugin. -->","yoast_head_json":{"title":"Uso de cookies - Grupo EULEN M\u00e9xico","description":"Esta es la p\u00e1gina de la pol\u00edtica de cookies de la web de Grupo EULEN. Entra para saber m\u00e1s detalles del tratamiento que hacemos de ellas","robots":{"index":"noindex","follow":"follow"},"og_locale":"es_MX","og_type":"article","og_title":"Uso de cookies - Grupo EULEN M\u00e9xico","og_description":"Esta es la p\u00e1gina de la pol\u00edtica de cookies de la web de Grupo EULEN. Entra para saber m\u00e1s detalles del tratamiento que hacemos de ellas","og_url":"https:\/\/www.eulen.com\/mx\/uso-de-cookies\/","og_site_name":"Grupo EULEN M\u00e9xico","article_modified_time":"2024-06-05T08:21:33+00:00","og_image":[{"width":1366,"height":473,"url":"https:\/\/www.eulen.com\/mx\/wp-content\/uploads\/sites\/8\/2022\/06\/cabecera_legal.webp","type":"image\/webp"}],"twitter_card":"summary_large_image","schema":{"@context":"https:\/\/schema.org","@graph":[{"@type":"WebPage","@id":"https:\/\/www.eulen.com\/mx\/uso-de-cookies\/","url":"https:\/\/www.eulen.com\/mx\/uso-de-cookies\/","name":"Uso de cookies - Grupo EULEN M\u00e9xico","isPartOf":{"@id":"https:\/\/www.eulen.com\/mx\/#website"},"primaryImageOfPage":{"@id":"https:\/\/www.eulen.com\/mx\/uso-de-cookies\/#primaryimage"},"image":{"@id":"https:\/\/www.eulen.com\/mx\/uso-de-cookies\/#primaryimage"},"thumbnailUrl":"https:\/\/www.eulen.com\/mx\/wp-content\/uploads\/sites\/8\/2022\/06\/cabecera_legal.webp","datePublished":"2022-10-18T12:55:21+00:00","dateModified":"2024-06-05T08:21:33+00:00","description":"Esta es la p\u00e1gina de la pol\u00edtica de cookies de la web de Grupo EULEN. Entra para saber m\u00e1s detalles del tratamiento que hacemos de ellas","breadcrumb":{"@id":"https:\/\/www.eulen.com\/mx\/uso-de-cookies\/#breadcrumb"},"inLanguage":"es","potentialAction":[{"@type":"ReadAction","target":["https:\/\/www.eulen.com\/mx\/uso-de-cookies\/"]}]},{"@type":"ImageObject","inLanguage":"es","@id":"https:\/\/www.eulen.com\/mx\/uso-de-cookies\/#primaryimage","url":"https:\/\/www.eulen.com\/mx\/wp-content\/uploads\/sites\/8\/2022\/06\/cabecera_legal.webp","contentUrl":"https:\/\/www.eulen.com\/mx\/wp-content\/uploads\/sites\/8\/2022\/06\/cabecera_legal.webp","width":1366,"height":473},{"@type":"BreadcrumbList","@id":"https:\/\/www.eulen.com\/mx\/uso-de-cookies\/#breadcrumb","itemListElement":[{"@type":"ListItem","position":1,"name":"Home","item":"https:\/\/www.eulen.com\/mx\/"},{"@type":"ListItem","position":2,"name":"Uso de cookies"}]},{"@type":"WebSite","@id":"https:\/\/www.eulen.com\/mx\/#website","url":"https:\/\/www.eulen.com\/mx\/","name":"EULEN Group Mexico","description":"Otro sitio m\u00e1s de Webs de EULEN","potentialAction":[{"@type":"SearchAction","target":{"@type":"EntryPoint","urlTemplate":"https:\/\/www.eulen.com\/mx\/?s={search_term_string}"},"query-input":{"@type":"PropertyValueSpecification","valueRequired":true,"valueName":"search_term_string"}}],"inLanguage":"es"}]}},"_links":{"self":[{"href":"https:\/\/www.eulen.com\/mx\/wp-json\/wp\/v2\/pages\/1479"}],"collection":[{"href":"https:\/\/www.eulen.com\/mx\/wp-json\/wp\/v2\/pages"}],"about":[{"href":"https:\/\/www.eulen.com\/mx\/wp-json\/wp\/v2\/types\/page"}],"author":[{"embeddable":true,"href":"https:\/\/www.eulen.com\/mx\/wp-json\/wp\/v2\/users\/2"}],"replies":[{"embeddable":true,"href":"https:\/\/www.eulen.com\/mx\/wp-json\/wp\/v2\/comments?post=1479"}],"version-history":[{"count":9,"href":"https:\/\/www.eulen.com\/mx\/wp-json\/wp\/v2\/pages\/1479\/revisions"}],"predecessor-version":[{"id":8029,"href":"https:\/\/www.eulen.com\/mx\/wp-json\/wp\/v2\/pages\/1479\/revisions\/8029"}],"wp:featuredmedia":[{"embeddable":true,"href":"https:\/\/www.eulen.com\/mx\/wp-json\/wp\/v2\/media\/340"}],"wp:attachment":[{"href":"https:\/\/www.eulen.com\/mx\/wp-json\/wp\/v2\/media?parent=1479"}],"curies":[{"name":"wp","href":"https:\/\/api.w.org\/{rel}","templated":true}]}}