{"id":1485,"date":"2022-10-18T15:08:12","date_gmt":"2022-10-18T15:08:12","guid":{"rendered":"https:\/\/www.eulen.com\/es\/?page_id=1485"},"modified":"2023-01-31T08:23:43","modified_gmt":"2023-01-31T08:23:43","slug":"informacion-proteccion-de-datos-de-seleccion-de-personal","status":"publish","type":"page","link":"https:\/\/www.eulen.com\/cr\/informacion-proteccion-de-datos-de-seleccion-de-personal\/","title":{"rendered":"Protecci\u00f3n de datos de selecci\u00f3n de personal"},"content":{"rendered":"\n<h2 class=\"wp-block-heading\"><strong>\u00bfQui\u00e9n es el responsable del tratamiento de sus datos?<\/strong><\/h2>\n\n\n\n<p><strong>Responsable<\/strong>: EULEN, S.A. \u2013 CIF: A 28517308, Gobelas, 29 \u2013 28023 Madrid, www.eulen.com,&nbsp;<a href=\"mailto:protecciondedatos@eulen.com\">protecciondedatos@eulen.com<\/a>,<br><strong>Delegado de protecci\u00f3n de datos<\/strong>: Director de Protecci\u00f3n de Datos Grupo EULEN,&nbsp;<a href=\"mailto:delegadoprotecciondatos@eulen.com\">delegadoprotecciondatos@eulen.com<\/a>&nbsp;, Gobelas, 29 \u2013 28023 Madrid.<\/p>\n\n\n\n<h2 class=\"wp-block-heading\"><strong>\u00bfCon qu\u00e9 finalidad tratamos sus datos?<\/strong><\/h2>\n\n\n\n<p>Impartir formaci\u00f3n para el empleo y desarrollar procesos de selecci\u00f3n para entidades p\u00fablicas o privadas que operen en los sectores de las finanzas, seguros, hosteler\u00eda, ocio, construcci\u00f3n, formaci\u00f3n, educaci\u00f3n, servicios, agrario, industrial, comunicaciones, audiovisual, salud o asistencial y con la finalidad de que las empresas para las que se realiza la selecci\u00f3n puedan acreditar ante potenciales clientes que disponen de candidatos suficientes y debidamente capacitados para acometer las prestaciones que hubieran sido ofertadas a dichos clientes.<\/p>\n\n\n\n<h2 class=\"wp-block-heading\"><strong>\u00bfEs voluntaria la entrega de los datos?<\/strong><\/h2>\n\n\n\n<p>La entrega de los datos a las empresas del GRUPO EULEN es completamente voluntaria, pero si no los suministra no podr\u00e1 participar en los procesos de selecci\u00f3n o en las actividades de formaci\u00f3n.<\/p>\n\n\n\n<h2 class=\"wp-block-heading\"><strong>\u00bfQu\u00e9 datos personales recopilamos acerca de usted?<\/strong><\/h2>\n\n\n\n<p>Recopilamos los datos personales que nos proporciona como parte de su registro y cualquier dato personal adicional que nos proporcione para actualizar sus datos de registro. Se trata de datos los datos de contacto \u2014 nombre, apellidos, correo electr\u00f3nico, empresa, cargo y datos de contacto profesional, n\u00famero de tel\u00e9fono fijo y tel\u00e9fono m\u00f3vil, y otros datos de contacto \u2014 y datos incluidos en su curr\u00edculum, as\u00ed como datos relativos a su formaci\u00f3n, experiencia laboral y los recabados en cualesquiera de las pruebas competenciales y\/o de conocimiento que se precisaran para adecuar la idoneidad de su candidatura al puesto de trabajo ofertado (ejemplo: pruebas de conocimientos de idiomas o de contabilidad, pruebas de aptitudes num\u00e9ricas, verbales o de razonamiento, assessment center, entrevistas de selecci\u00f3n). Es posible que se trate el dato del certificado de discapacidad en caso de que lo tuviera y quisiera entregarlo para las empresas que desean contratar personas con discapacidad con el fin de cumplir con la normativa vigente.<br>Del tratamiento de sus datos es posible obtener&nbsp;<strong>su perfil profesional<\/strong>.<\/p>\n\n\n\n<h2 class=\"wp-block-heading\"><strong>\u00bfCu\u00e1l es la legitimaci\u00f3n para el tratamiento de sus datos?<\/strong><\/h2>\n\n\n\n<p>Inter\u00e9s leg\u00edtimo de nuestra empresa en seleccionar trabajadores para ella y para las empresas del Grupo EULEN. Inter\u00e9s leg\u00edtimo de nuestra empresa en dedicarse a las actividades de selecci\u00f3n de personal y formaci\u00f3n para el empleo.<br>Inter\u00e9s leg\u00edtimo de las empresas que demandan la prestaci\u00f3n de servicios de selecci\u00f3n de personal en contratar personal y en acreditar ante potenciales clientes que disponen de recursos humanos suficientemente capacitados para prestar los servicios que ofrezcan.<br>Contratos suscritos con nuestros clientes para la prestaci\u00f3n de servicios de selecci\u00f3n de personal y formaci\u00f3n para el empleo.<br>El consentimiento que le solicitamos.<\/p>\n\n\n\n<h2 class=\"wp-block-heading\"><strong>\u00bfDurante cu\u00e1nto tiempo conservaremos sus datos?<\/strong><\/h2>\n\n\n\n<p>Hasta que usted revoque el consentimiento otorgado o hasta que trascurran dos a\u00f1os desde la \u00faltima actualizaci\u00f3n de sus datos o el \u00faltimo contacto mantenido entre usted y nuestra empresa.<\/p>\n\n\n\n<h2 class=\"wp-block-heading\"><strong>\u00bfA qui\u00e9n se comunicar\u00e1n sus datos?<\/strong><\/h2>\n\n\n\n<p>Las empresas del Grupo EULEN (<a href=\"http:\/\/www.eulen.com\/\" target=\"_blank\" rel=\"noreferrer noopener\">www.eulen.com<\/a>).<br>A las empresas para las que se realizan los procesos de selecci\u00f3n y a las empresas para las que \u00e9stas \u00faltimas vayan a prestar los servicios en los cuales ustedes intervendr\u00edan en caso de ser seleccionados.<br>Autoridades judiciales y administrativas competentes y comunicaciones exigidas o expresamente previstas en la normativa aplicable.<\/p>\n\n\n\n<h2 class=\"wp-block-heading\"><strong>\u00bfCu\u00e1les son sus derechos cuando nos facilita sus datos?<\/strong><\/h2>\n\n\n\n<p>Usted tiene derecho a:<\/p>\n\n\n\n<ul class=\"wp-block-list\">\n<li>Revocar el consentimiento.<\/li>\n\n\n\n<li>Solicitar el acceso a sus datos personales,<\/li>\n\n\n\n<li>Solicitar su rectificaci\u00f3n o supresi\u00f3n,<\/li>\n\n\n\n<li>Solicitar la limitaci\u00f3n de su tratamiento,<\/li>\n\n\n\n<li>Oponerse al tratamiento de sus datos,<\/li>\n\n\n\n<li>A la portabilidad de los datos,<\/li>\n\n\n\n<li>A presentar reclamaciones ante el Delegado de protecci\u00f3n de datos<\/li>\n\n\n\n<li>A presentar reclamaciones ante la Agencia Espa\u00f1ola de Protecci\u00f3n de Datos WWW.AGPD.ES<\/li>\n<\/ul>\n\n\n\n<p>Usted puede ejercitar sus derechos por medio de correo ordinario o electr\u00f3nico dirigido a EULEN, S.A. \u2013 CIF: A 28517308, Gobelas, 29 \u2013 28023 Madrid, www.eulen.com,&nbsp;<a href=\"mailto:protecciondedatos@eulen.com\" rel=\"noreferrer noopener\" target=\"_blank\">protecciondedatos@eulen.com<\/a>.<\/p>\n","protected":false},"excerpt":{"rendered":"<p>\u00bfQui\u00e9n es el responsable del tratamiento de sus datos? Responsable: EULEN, S.A. \u2013 CIF: A &#8230;<\/p>\n","protected":false},"author":2,"featured_media":340,"parent":0,"menu_order":0,"comment_status":"closed","ping_status":"closed","template":"page-templates\/basica.php","meta":{"_acf_changed":false,"footnotes":""},"class_list":["post-1485","page","type-page","status-publish","has-post-thumbnail","hentry"],"acf":[],"yoast_head":"<!-- This site is optimized with the Yoast SEO plugin v23.7 - https:\/\/yoast.com\/wordpress\/plugins\/seo\/ -->\n<title>Protecci\u00f3n de datos de selecci\u00f3n de personal - Grupo EULEN Costa Rica<\/title>\n<meta name=\"description\" content=\"Esta el p\u00e1gina de protecci\u00f3n de datos en el proceso de selecci\u00f3n de personal del Grupo EULEN\" \/>\n<meta name=\"robots\" content=\"index, follow, max-snippet:-1, max-image-preview:large, max-video-preview:-1\" \/>\n<link rel=\"canonical\" href=\"https:\/\/www.eulen.com\/cr\/informacion-proteccion-de-datos-de-seleccion-de-personal\/\" \/>\n<meta property=\"og:locale\" content=\"es_ES\" \/>\n<meta property=\"og:type\" content=\"article\" \/>\n<meta property=\"og:title\" content=\"Protecci\u00f3n de datos de selecci\u00f3n de personal - Grupo EULEN Costa Rica\" \/>\n<meta property=\"og:description\" content=\"Esta el p\u00e1gina de protecci\u00f3n de datos en el proceso de selecci\u00f3n de personal del Grupo EULEN\" \/>\n<meta property=\"og:url\" content=\"https:\/\/www.eulen.com\/cr\/informacion-proteccion-de-datos-de-seleccion-de-personal\/\" \/>\n<meta property=\"og:site_name\" content=\"Grupo EULEN Costa Rica\" \/>\n<meta property=\"article:modified_time\" content=\"2023-01-31T08:23:43+00:00\" \/>\n<meta property=\"og:image\" content=\"https:\/\/www.eulen.com\/cr\/wp-content\/uploads\/sites\/7\/2022\/06\/cabecera_legal.webp\" \/>\n\t<meta property=\"og:image:width\" content=\"1366\" \/>\n\t<meta property=\"og:image:height\" content=\"473\" \/>\n\t<meta property=\"og:image:type\" content=\"image\/webp\" \/>\n<meta name=\"twitter:card\" content=\"summary_large_image\" \/>\n<meta name=\"twitter:label1\" content=\"Est. reading time\" \/>\n\t<meta name=\"twitter:data1\" content=\"3 minutos\" \/>\n<!-- \/ Yoast SEO plugin. -->","yoast_head_json":{"title":"Protecci\u00f3n de datos de selecci\u00f3n de personal - Grupo EULEN Costa Rica","description":"Esta el p\u00e1gina de protecci\u00f3n de datos en el proceso de selecci\u00f3n de personal del Grupo EULEN","robots":{"index":"index","follow":"follow","max-snippet":"max-snippet:-1","max-image-preview":"max-image-preview:large","max-video-preview":"max-video-preview:-1"},"canonical":"https:\/\/www.eulen.com\/cr\/informacion-proteccion-de-datos-de-seleccion-de-personal\/","og_locale":"es_ES","og_type":"article","og_title":"Protecci\u00f3n de datos de selecci\u00f3n de personal - Grupo EULEN Costa Rica","og_description":"Esta el p\u00e1gina de protecci\u00f3n de datos en el proceso de selecci\u00f3n de personal del Grupo EULEN","og_url":"https:\/\/www.eulen.com\/cr\/informacion-proteccion-de-datos-de-seleccion-de-personal\/","og_site_name":"Grupo EULEN Costa Rica","article_modified_time":"2023-01-31T08:23:43+00:00","og_image":[{"width":1366,"height":473,"url":"https:\/\/www.eulen.com\/cr\/wp-content\/uploads\/sites\/7\/2022\/06\/cabecera_legal.webp","type":"image\/webp"}],"twitter_card":"summary_large_image","twitter_misc":{"Est. reading time":"3 minutos"},"schema":{"@context":"https:\/\/schema.org","@graph":[{"@type":"WebPage","@id":"https:\/\/www.eulen.com\/cr\/informacion-proteccion-de-datos-de-seleccion-de-personal\/","url":"https:\/\/www.eulen.com\/cr\/informacion-proteccion-de-datos-de-seleccion-de-personal\/","name":"Protecci\u00f3n de datos de selecci\u00f3n de personal - Grupo EULEN Costa Rica","isPartOf":{"@id":"https:\/\/www.eulen.com\/cr\/#website"},"primaryImageOfPage":{"@id":"https:\/\/www.eulen.com\/cr\/informacion-proteccion-de-datos-de-seleccion-de-personal\/#primaryimage"},"image":{"@id":"https:\/\/www.eulen.com\/cr\/informacion-proteccion-de-datos-de-seleccion-de-personal\/#primaryimage"},"thumbnailUrl":"https:\/\/www.eulen.com\/cr\/wp-content\/uploads\/sites\/7\/2022\/06\/cabecera_legal.webp","datePublished":"2022-10-18T15:08:12+00:00","dateModified":"2023-01-31T08:23:43+00:00","description":"Esta el p\u00e1gina de protecci\u00f3n de datos en el proceso de selecci\u00f3n de personal del Grupo EULEN","breadcrumb":{"@id":"https:\/\/www.eulen.com\/cr\/informacion-proteccion-de-datos-de-seleccion-de-personal\/#breadcrumb"},"inLanguage":"es-CR","potentialAction":[{"@type":"ReadAction","target":["https:\/\/www.eulen.com\/cr\/informacion-proteccion-de-datos-de-seleccion-de-personal\/"]}]},{"@type":"ImageObject","inLanguage":"es-CR","@id":"https:\/\/www.eulen.com\/cr\/informacion-proteccion-de-datos-de-seleccion-de-personal\/#primaryimage","url":"https:\/\/www.eulen.com\/cr\/wp-content\/uploads\/sites\/7\/2022\/06\/cabecera_legal.webp","contentUrl":"https:\/\/www.eulen.com\/cr\/wp-content\/uploads\/sites\/7\/2022\/06\/cabecera_legal.webp","width":1366,"height":473},{"@type":"BreadcrumbList","@id":"https:\/\/www.eulen.com\/cr\/informacion-proteccion-de-datos-de-seleccion-de-personal\/#breadcrumb","itemListElement":[{"@type":"ListItem","position":1,"name":"Inicio","item":"https:\/\/www.eulen.com\/cr\/"},{"@type":"ListItem","position":2,"name":"Protecci\u00f3n de datos de selecci\u00f3n de personal"}]},{"@type":"WebSite","@id":"https:\/\/www.eulen.com\/cr\/#website","url":"https:\/\/www.eulen.com\/cr\/","name":"Grupo EULEN Costa Rica","description":"Otro sitio m\u00e1s de Webs de EULEN","potentialAction":[{"@type":"SearchAction","target":{"@type":"EntryPoint","urlTemplate":"https:\/\/www.eulen.com\/cr\/?s={search_term_string}"},"query-input":{"@type":"PropertyValueSpecification","valueRequired":true,"valueName":"search_term_string"}}],"inLanguage":"es-CR"}]}},"_links":{"self":[{"href":"https:\/\/www.eulen.com\/cr\/wp-json\/wp\/v2\/pages\/1485"}],"collection":[{"href":"https:\/\/www.eulen.com\/cr\/wp-json\/wp\/v2\/pages"}],"about":[{"href":"https:\/\/www.eulen.com\/cr\/wp-json\/wp\/v2\/types\/page"}],"author":[{"embeddable":true,"href":"https:\/\/www.eulen.com\/cr\/wp-json\/wp\/v2\/users\/2"}],"replies":[{"embeddable":true,"href":"https:\/\/www.eulen.com\/cr\/wp-json\/wp\/v2\/comments?post=1485"}],"version-history":[{"count":4,"href":"https:\/\/www.eulen.com\/cr\/wp-json\/wp\/v2\/pages\/1485\/revisions"}],"predecessor-version":[{"id":5707,"href":"https:\/\/www.eulen.com\/cr\/wp-json\/wp\/v2\/pages\/1485\/revisions\/5707"}],"wp:featuredmedia":[{"embeddable":true,"href":"https:\/\/www.eulen.com\/cr\/wp-json\/wp\/v2\/media\/340"}],"wp:attachment":[{"href":"https:\/\/www.eulen.com\/cr\/wp-json\/wp\/v2\/media?parent=1485"}],"curies":[{"name":"wp","href":"https:\/\/api.w.org\/{rel}","templated":true}]}}